{"id":54669,"date":"2020-05-12T11:53:47","date_gmt":"2020-05-12T10:53:47","guid":{"rendered":"https:\/\/www.element29.co.uk\/?page_id=54669"},"modified":"2020-11-26T14:36:29","modified_gmt":"2020-11-26T14:36:29","slug":"vaddio","status":"publish","type":"page","link":"https:\/\/www.element29.co.uk\/fr\/vaddio\/","title":{"rendered":"Vaddio"},"content":{"rendered":"<div  class=\"tatsu-g4ez4alnad2jpjea tatsu-section    tatsu-clearfix\" data-title=\"\"  data-headerscheme=\"background--dark\"><div class='tatsu-section-pad clearfix' data-padding='{\"d\":\"90px 0% 90px 0%\"}' data-padding-top='90px'><div class=\"tatsu-row-wrap  tatsu-wrap tatsu-row-has-one-half tatsu-row-has-two-cols tatsu-medium-gutter tatsu-reg-cols  tatsu-clearfix tatsu-g4ez4alncebh1d0d\" ><div  class=\"tatsu-row\" ><div  class=\"tatsu-column  tatsu-column-no-bg tatsu-one-half tatsu-column-image-none tatsu-column-effect-none  tatsu-g4ez4alnk08207c2\"  data-parallax-speed=\"0\" style=\"\"><div class=\"tatsu-column-inner\" ><div class=\"tatsu-column-pad-wrap\"><div class=\"tatsu-column-pad\" ><div  class=\"tatsu-module tatsu-text-block-wrap tatsu-g4ez4alnmw69rp6v\"><div class=\"tatsu-text-inner tatsu-align-center  clearfix\" ><style>.tatsu-g4ez4alnmw69rp6v.tatsu-text-block-wrap .tatsu-text-inner{text-align: left;}<\/style>\n<h3><span style=\"font-weight: 400;\">Vaddio <\/span>Installateurs Londres<\/h3>\n<p><em>Vaddio<\/em> fabrique des cam\u00e9ras \u00e0 zoom panoramique, des solutions audiovisuelles et des produits de communication unifi\u00e9e et de collaboration. Parmi les produits les plus populaires, citons les microphones de table, les cam\u00e9ras documentaires encastr\u00e9es dans le plafond et les cam\u00e9ras de conf\u00e9rence tout-en-un.<\/p>\n<p>Pour les solutions audiovisuelles, de vid\u00e9oconf\u00e9rence et de radiodiffusion, nous travaillons avec <em>Vaddio<\/em> afin de fournir des solutions sur mesure pour votre entreprise.<\/p>\n<p>Pour plus d'informations, veuillez consulter <a href=\"https:\/\/www.element29.co.uk\/fr\/contact\/\">prendre contact<\/a> en utilisant le formulaire ci-dessous.<\/p>\n<\/div><\/div><\/div><\/div><div class = \"tatsu-column-bg-image-wrap\"><div class = \"tatsu-column-bg-image\" ><\/div><\/div><\/div><style>.tatsu-row > .tatsu-g4ez4alnk08207c2.tatsu-column{width: 50%;}.tatsu-g4ez4alnk08207c2.tatsu-column > .tatsu-column-inner > .tatsu-column-overlay{mix-blend-mode: none;}.tatsu-g4ez4alnk08207c2 > .tatsu-column-inner > .tatsu-top-divider{z-index: 9999;}.tatsu-g4ez4alnk08207c2 > .tatsu-column-inner > .tatsu-bottom-divider{z-index: 9999;}.tatsu-g4ez4alnk08207c2 > .tatsu-column-inner > .tatsu-left-divider{z-index: 9999;}.tatsu-g4ez4alnk08207c2 > .tatsu-column-inner > .tatsu-right-divider{z-index: 9999;}@media only screen and (max-width: 767px) {.tatsu-row > .tatsu-g4ez4alnk08207c2.tatsu-column{width: 100%;}}<\/style><\/div><div  class=\"tatsu-column  tatsu-column-no-bg tatsu-one-half tatsu-column-image-none tatsu-column-effect-none  tatsu-g4ez4alq32coigsy\"  data-parallax-speed=\"0\" style=\"\"><div class=\"tatsu-column-inner\" ><div class=\"tatsu-column-pad-wrap\"><div class=\"tatsu-column-pad\" ><div  class=\"tatsu-module tatsu-text-block-wrap tatsu-g4ez4alq5f327a2i\"><div class=\"tatsu-text-inner tatsu-align-center  clearfix\" ><style>.tatsu-g4ez4alq5f327a2i.tatsu-text-block-wrap .tatsu-text-inner{width: 100%;text-align: left;}<\/style>\n<p><img loading=\"lazy\" decoding=\"async\" class=\"alignnone size-portfolio wp-image-54788\" src=\"https:\/\/www.element29.co.uk\/wp-content\/uploads\/2020\/11\/vaddio-2-650x406.jpg\" alt=\"Vaddio\" width=\"650\" height=\"406\" srcset=\"https:\/\/www.element29.co.uk\/wp-content\/uploads\/2020\/11\/vaddio-2-650x406.jpg 650w, https:\/\/www.element29.co.uk\/wp-content\/uploads\/2020\/11\/vaddio-2-1000x625.jpg 1000w, https:\/\/www.element29.co.uk\/wp-content\/uploads\/2020\/11\/vaddio-2-1250x781.jpg 1250w\" sizes=\"auto, (max-width: 650px) 100vw, 650px\" \/><\/p>\n<\/div><\/div><\/div><\/div><div class = \"tatsu-column-bg-image-wrap\"><div class = \"tatsu-column-bg-image\" ><\/div><\/div><\/div><style>.tatsu-row > .tatsu-g4ez4alq32coigsy.tatsu-column{width: 50%;}.tatsu-g4ez4alq32coigsy.tatsu-column > .tatsu-column-inner > .tatsu-column-overlay{mix-blend-mode: none;}.tatsu-g4ez4alq32coigsy > .tatsu-column-inner > .tatsu-top-divider{z-index: 9999;}.tatsu-g4ez4alq32coigsy > .tatsu-column-inner > .tatsu-bottom-divider{z-index: 9999;}.tatsu-g4ez4alq32coigsy > .tatsu-column-inner > .tatsu-left-divider{z-index: 9999;}.tatsu-g4ez4alq32coigsy > .tatsu-column-inner > .tatsu-right-divider{z-index: 9999;}@media only screen and (max-width: 767px) {.tatsu-row > .tatsu-g4ez4alq32coigsy.tatsu-column{width: 100%;}}<\/style><\/div><\/div><\/div><\/div><div class=\"tatsu-section-background-wrap\"><div class = \"tatsu-section-background\" ><\/div><\/div><style>.tatsu-g4ez4alnad2jpjea .tatsu-section-pad{padding: 90px 0% 90px 0%;}.tatsu-g4ez4alnad2jpjea > .tatsu-bottom-divider{z-index: 9999;}.tatsu-g4ez4alnad2jpjea > .tatsu-top-divider{z-index: 9999;}<\/style><\/div><div  class=\"tatsu-g4ez4alsnl5gvg0p tatsu-section  tatsu-parallax tatsu-bg-overlay   tatsu-clearfix\" data-title=\"\"  data-headerscheme=\"background--dark\"><div class='tatsu-section-pad clearfix' data-padding='{\"d\":\"120px 0% 120px 0%\"}' data-padding-top='120px'><div class=\"tatsu-row-wrap  tatsu-wrap tatsu-row-one-col tatsu-row-has-one-cols tatsu-medium-gutter tatsu-reg-cols  tatsu-clearfix tatsu-g4ez4alspoesom2o\" ><div  class=\"tatsu-row\" ><div  class=\"tatsu-column  tatsu-column-no-bg tatsu-one-col tatsu-column-image-none tatsu-column-effect-none  tatsu-g4ez4alsrjinpfs\"  data-parallax-speed=\"0\" style=\"\"><div class=\"tatsu-column-inner\" ><div class=\"tatsu-column-pad-wrap\"><div class=\"tatsu-column-pad\" ><div  class=\"tatsu-module tatsu-text-block-wrap tatsu-g4ez4alsti74bdla\"><div class=\"tatsu-text-inner   clearfix\" ><style>.tatsu-g4ez4alsti74bdla.tatsu-text-block-wrap .tatsu-text-inner{text-align: left;}<\/style>\n<h4 style=\"text-align: center;\"><span style=\"color: #ffffff;\">Envoyer un message<\/span><\/h4>\n<\/div><\/div><\/div><\/div><div class = \"tatsu-column-bg-image-wrap\"><div class = \"tatsu-column-bg-image\" ><\/div><\/div><\/div><style>.tatsu-row > .tatsu-g4ez4alsrjinpfs.tatsu-column{width: 100%;}.tatsu-g4ez4alsrjinpfs.tatsu-column > .tatsu-column-inner > .tatsu-column-overlay{mix-blend-mode: none;}.tatsu-g4ez4alsrjinpfs > .tatsu-column-inner > .tatsu-top-divider{z-index: 9999;}.tatsu-g4ez4alsrjinpfs > .tatsu-column-inner > .tatsu-bottom-divider{z-index: 9999;}.tatsu-g4ez4alsrjinpfs > .tatsu-column-inner > .tatsu-left-divider{z-index: 9999;}.tatsu-g4ez4alsrjinpfs > .tatsu-column-inner > .tatsu-right-divider{z-index: 9999;}<\/style><\/div><\/div><\/div><div class=\"tatsu-row-wrap  tatsu-wrap tatsu-row-has-one-half tatsu-row-has-three-cols tatsu-medium-gutter tatsu-reg-cols  tatsu-clearfix tatsu-g4ez4alt3a2yi72z\" ><div  class=\"tatsu-row\" ><div  class=\"tatsu-column  tatsu-column-no-bg tatsu-one-fourth tatsu-column-image-none tatsu-column-effect-none  tatsu-g4ez4alt5qbwnu01\"  data-parallax-speed=\"0\" style=\"\"><div class=\"tatsu-column-inner\" ><div class=\"tatsu-column-pad-wrap\"><div class=\"tatsu-column-pad\" ><div  class=\"tatsu-empty-space  tatsu-g4ez4alt7maeg9ed\" ><style>.tatsu-g4ez4alt7maeg9ed.tatsu-empty-space{height: 10px;}<\/style><\/div><\/div><\/div><div class = \"tatsu-column-bg-image-wrap\"><div class = \"tatsu-column-bg-image\" ><\/div><\/div><\/div><style>.tatsu-row > .tatsu-g4ez4alt5qbwnu01.tatsu-column{width: 25%;}.tatsu-g4ez4alt5qbwnu01.tatsu-column > .tatsu-column-inner > .tatsu-column-overlay{mix-blend-mode: none;}.tatsu-g4ez4alt5qbwnu01 > .tatsu-column-inner > .tatsu-top-divider{z-index: 9999;}.tatsu-g4ez4alt5qbwnu01 > .tatsu-column-inner > .tatsu-bottom-divider{z-index: 9999;}.tatsu-g4ez4alt5qbwnu01 > .tatsu-column-inner > .tatsu-left-divider{z-index: 9999;}.tatsu-g4ez4alt5qbwnu01 > .tatsu-column-inner > .tatsu-right-divider{z-index: 9999;}@media only screen and (max-width: 767px) {.tatsu-row > .tatsu-g4ez4alt5qbwnu01.tatsu-column{width: 100%;}}<\/style><\/div><div  class=\"tatsu-column  tatsu-column-no-bg tatsu-one-half tatsu-column-image-none tatsu-column-effect-none  tatsu-g4ez4altih6kttu3\"  data-parallax-speed=\"0\" style=\"\"><div class=\"tatsu-column-inner\" ><div class=\"tatsu-column-pad-wrap\"><div class=\"tatsu-column-pad\" ><div  class=\"tatsu-module tatsu-text-block-wrap tatsu-g4ez4altkkahpk6u\"><div class=\"tatsu-text-inner tatsu-align-center  clearfix\" ><style>.tatsu-g4ez4altkkahpk6u.tatsu-text-block-wrap .tatsu-text-inner{text-align: left;}<\/style>\n<div class=\"wpcf7 no-js\" id=\"wpcf7-f5-o1\" lang=\"en-GB\" dir=\"ltr\" data-wpcf7-id=\"5\">\n<div class=\"screen-reader-response\"><p role=\"status\" aria-live=\"polite\" aria-atomic=\"true\"><\/p> <ul><\/ul><\/div>\n<form action=\"\/fr\/wp-json\/wp\/v2\/pages\/54669#wpcf7-f5-o1\" method=\"post\" class=\"wpcf7-form init\" aria-label=\"Formulaire de contact\" novalidate=\"novalidate\" data-status=\"init\" data-trp-original-action=\"\/fr\/wp-json\/wp\/v2\/pages\/54669#wpcf7-f5-o1\">\n<fieldset class=\"hidden-fields-container\"><input type=\"hidden\" name=\"_wpcf7\" value=\"5\" \/><input type=\"hidden\" name=\"_wpcf7_version\" value=\"6.1.3\" \/><input type=\"hidden\" name=\"_wpcf7_locale\" value=\"en_GB\" \/><input type=\"hidden\" name=\"_wpcf7_unit_tag\" value=\"wpcf7-f5-o1\" \/><input type=\"hidden\" name=\"_wpcf7_container_post\" value=\"0\" \/><input type=\"hidden\" name=\"_wpcf7_posted_data_hash\" value=\"\" \/><input type=\"hidden\" name=\"_wpcf7_recaptcha_response\" value=\"\" \/>\n<\/fieldset>\n<p><span class=\"wpcf7-form-control-wrap\" data-name=\"your-name\"><input size=\"40\" maxlength=\"400\" class=\"wpcf7-form-control wpcf7-text wpcf7-validates-as-required\" aria-required=\"true\" aria-invalid=\"false\" placeholder=\"Nom (obligatoire)\" value=\"\" type=\"text\" name=\"your-name\" \/><\/span><br \/>\n<span class=\"wpcf7-form-control-wrap\" data-name=\"your-number\"><input size=\"40\" maxlength=\"400\" class=\"wpcf7-form-control wpcf7-text wpcf7-validates-as-required\" aria-required=\"true\" aria-invalid=\"false\" placeholder=\"Num\u00e9ro de t\u00e9l\u00e9phone (obligatoire)\" value=\"\" type=\"text\" name=\"your-number\" \/><\/span><br \/>\n<span class=\"wpcf7-form-control-wrap\" data-name=\"your-email\"><input size=\"40\" maxlength=\"400\" class=\"wpcf7-form-control wpcf7-email wpcf7-validates-as-required wpcf7-text wpcf7-validates-as-email\" aria-required=\"true\" aria-invalid=\"false\" placeholder=\"Courriel (obligatoire)\" value=\"\" type=\"email\" name=\"your-email\" \/><\/span><br \/>\n<span class=\"wpcf7-form-control-wrap\" data-name=\"hear-about\"><input size=\"40\" maxlength=\"400\" class=\"wpcf7-form-control wpcf7-text\" aria-invalid=\"false\" placeholder=\"O\u00f9 avez-vous entendu parler de nous ?\" value=\"\" type=\"text\" name=\"hear-about\" \/><\/span><br \/>\n<span class=\"wpcf7-form-control-wrap\" data-name=\"your-subject\"><input size=\"40\" maxlength=\"400\" class=\"wpcf7-form-control wpcf7-text\" aria-invalid=\"false\" placeholder=\"Sujet\" value=\"\" type=\"text\" name=\"your-subject\" \/><\/span><br \/>\n<span class=\"wpcf7-form-control-wrap\" data-name=\"your-message\"><textarea cols=\"40\" rows=\"10\" maxlength=\"2000\" class=\"wpcf7-form-control wpcf7-textarea wpcf7-validates-as-required\" aria-required=\"true\" aria-invalid=\"false\" placeholder=\"Message (obligatoire)\" name=\"your-message\"><\/textarea><\/span><input class=\"wpcf7-form-control wpcf7-submit has-spinner mediumbtn\" type=\"submit\" value=\"Soumettre\" \/>\n<\/p><input type='hidden' class='wpcf7-pum' value='{\"closepopup\":false,\"closedelay\":0,\"openpopup\":false,\"openpopup_id\":0}' \/><div class=\"wpcf7-response-output\" aria-hidden=\"true\"><\/div>\n<input type=\"hidden\" name=\"trp-form-language\" value=\"fr\"\/><\/form>\n<\/div>\n<br \/>\n<\/div><\/div><\/div><\/div><div class = \"tatsu-column-bg-image-wrap\"><div class = \"tatsu-column-bg-image\" ><\/div><\/div><\/div><style>.tatsu-row > .tatsu-g4ez4altih6kttu3.tatsu-column{width: 50%;}.tatsu-g4ez4altih6kttu3.tatsu-column > .tatsu-column-inner > .tatsu-column-overlay{mix-blend-mode: none;}.tatsu-g4ez4altih6kttu3 > .tatsu-column-inner > .tatsu-top-divider{z-index: 9999;}.tatsu-g4ez4altih6kttu3 > .tatsu-column-inner > .tatsu-bottom-divider{z-index: 9999;}.tatsu-g4ez4altih6kttu3 > .tatsu-column-inner > .tatsu-left-divider{z-index: 9999;}.tatsu-g4ez4altih6kttu3 > .tatsu-column-inner > .tatsu-right-divider{z-index: 9999;}@media only screen and (max-width: 767px) {.tatsu-row > .tatsu-g4ez4altih6kttu3.tatsu-column{width: 100%;}}<\/style><\/div><div  class=\"tatsu-column  tatsu-column-no-bg tatsu-column-empty tatsu-one-fourth tatsu-column-image-none tatsu-column-effect-none  tatsu-g4ez4alwo7a3pp70\"  data-parallax-speed=\"0\" style=\"\"><div class=\"tatsu-column-inner\" ><div class=\"tatsu-column-pad-wrap\"><div class=\"tatsu-column-pad\" ><\/div><\/div><div class = \"tatsu-column-bg-image-wrap\"><div class = \"tatsu-column-bg-image\" ><\/div><\/div><\/div><style>.tatsu-row > .tatsu-g4ez4alwo7a3pp70.tatsu-column{width: 25%;}.tatsu-g4ez4alwo7a3pp70.tatsu-column > .tatsu-column-inner > .tatsu-column-overlay{mix-blend-mode: none;}.tatsu-g4ez4alwo7a3pp70 > .tatsu-column-inner > .tatsu-top-divider{z-index: 9999;}.tatsu-g4ez4alwo7a3pp70 > .tatsu-column-inner > .tatsu-bottom-divider{z-index: 9999;}.tatsu-g4ez4alwo7a3pp70 > .tatsu-column-inner > .tatsu-left-divider{z-index: 9999;}.tatsu-g4ez4alwo7a3pp70 > .tatsu-column-inner > .tatsu-right-divider{z-index: 9999;}@media only screen and (max-width: 767px) {.tatsu-row > .tatsu-g4ez4alwo7a3pp70.tatsu-column{width: 100%;}}<\/style><\/div><\/div><\/div><\/div><div class=\"tatsu-section-background-wrap tatsu-parallax-element-wrap\"><div class = \"tatsu-section-background tatsu-parallax-element\" ><\/div><\/div><div class=\"tatsu-overlay tatsu-section-overlay\"><\/div><style>.tatsu-g4ez4alsnl5gvg0p .tatsu-section-background{background-image: url(https:\/\/www.element29.co.uk\/wp-content\/uploads\/2014\/10\/export_images-0004-comp.jpg);background-repeat: no-repeat;background-attachment: fixed;background-position: center left;background-size: cover;}.tatsu-g4ez4alsnl5gvg0p .tatsu-bg-blur{background-repeat: no-repeat;background-attachment: fixed;background-position: center left;background-size: cover;}.tatsu-g4ez4alsnl5gvg0p{border-width: 0px 0px px 0px;border-style: solid;}.tatsu-g4ez4alsnl5gvg0p .tatsu-section-pad{padding: 120px 0% 120px 0%;}.tatsu-g4ez4alsnl5gvg0p > .tatsu-bottom-divider{z-index: 9999;}.tatsu-g4ez4alsnl5gvg0p > .tatsu-top-divider{z-index: 9999;}.tatsu-g4ez4alsnl5gvg0p .tatsu-section-overlay{background: rgba(0,0,0,0.7);mix-blend-mode: normal;}<\/style><\/div>","protected":false},"excerpt":{"rendered":"<p><a href=\"https:\/\/www.element29.co.uk\/fr\/vaddio\/\" class=\"more-link style2-button\">Lire la suite<\/a><\/p>","protected":false},"author":1,"featured_media":0,"parent":0,"menu_order":130,"comment_status":"closed","ping_status":"closed","template":"","meta":{"footnotes":""},"class_list":["post-54669","page","type-page","status-publish","hentry"],"yoast_head":"<!-- This site is optimized with the Yoast SEO plugin v26.4 - https:\/\/yoast.com\/wordpress\/plugins\/seo\/ -->\n<title>Vaddio Installers and Suppliers London - Element 29<\/title>\n<meta name=\"description\" content=\"Vaddio manufactures pan\u2013tilt\u2013zoom cameras, AV solutions and unified communications and collaboration products. We are Vaddio installers London.\" \/>\n<meta name=\"robots\" content=\"index, follow, max-snippet:-1, max-image-preview:large, max-video-preview:-1\" \/>\n<link rel=\"canonical\" href=\"https:\/\/www.element29.co.uk\/fr\/vaddio\/\" \/>\n<meta property=\"og:locale\" content=\"fr_FR\" \/>\n<meta property=\"og:type\" content=\"article\" \/>\n<meta property=\"og:title\" content=\"Vaddio Installers and Suppliers London - Element 29\" \/>\n<meta property=\"og:description\" content=\"Vaddio manufactures pan\u2013tilt\u2013zoom cameras, AV solutions and unified communications and collaboration products. We are Vaddio installers London.\" \/>\n<meta property=\"og:url\" content=\"https:\/\/www.element29.co.uk\/fr\/vaddio\/\" \/>\n<meta property=\"og:site_name\" content=\"Element 29\" \/>\n<meta property=\"article:modified_time\" content=\"2020-11-26T14:36:29+00:00\" \/>\n<meta property=\"og:image\" content=\"https:\/\/www.element29.co.uk\/wp-content\/uploads\/2020\/11\/vaddio-2-650x406.jpg\" \/>\n<meta name=\"twitter:card\" content=\"summary_large_image\" \/>\n<meta name=\"twitter:site\" content=\"@element29Av\" \/>\n<meta name=\"twitter:label1\" content=\"Dur\u00e9e de lecture estim\u00e9e\" \/>\n\t<meta name=\"twitter:data1\" content=\"13 minutes\" \/>\n<script type=\"application\/ld+json\" class=\"yoast-schema-graph\">{\"@context\":\"https:\/\/schema.org\",\"@graph\":[{\"@type\":\"WebPage\",\"@id\":\"https:\/\/www.element29.co.uk\/vaddio\/\",\"url\":\"https:\/\/www.element29.co.uk\/vaddio\/\",\"name\":\"Vaddio Installers and Suppliers London - Element 29\",\"isPartOf\":{\"@id\":\"https:\/\/www.element29.co.uk\/#website\"},\"primaryImageOfPage\":{\"@id\":\"https:\/\/www.element29.co.uk\/vaddio\/#primaryimage\"},\"image\":{\"@id\":\"https:\/\/www.element29.co.uk\/vaddio\/#primaryimage\"},\"thumbnailUrl\":\"https:\/\/www.element29.co.uk\/wp-content\/uploads\/2020\/11\/vaddio-2-650x406.jpg\",\"datePublished\":\"2020-05-12T10:53:47+00:00\",\"dateModified\":\"2020-11-26T14:36:29+00:00\",\"description\":\"Vaddio manufactures pan\u2013tilt\u2013zoom cameras, AV solutions and unified communications and collaboration products. We are Vaddio installers London.\",\"breadcrumb\":{\"@id\":\"https:\/\/www.element29.co.uk\/vaddio\/#breadcrumb\"},\"inLanguage\":\"fr-FR\",\"potentialAction\":[{\"@type\":\"ReadAction\",\"target\":[\"https:\/\/www.element29.co.uk\/vaddio\/\"]}]},{\"@type\":\"ImageObject\",\"inLanguage\":\"fr-FR\",\"@id\":\"https:\/\/www.element29.co.uk\/vaddio\/#primaryimage\",\"url\":\"https:\/\/www.element29.co.uk\/wp-content\/uploads\/2020\/11\/vaddio-2-650x406.jpg\",\"contentUrl\":\"https:\/\/www.element29.co.uk\/wp-content\/uploads\/2020\/11\/vaddio-2-650x406.jpg\"},{\"@type\":\"BreadcrumbList\",\"@id\":\"https:\/\/www.element29.co.uk\/vaddio\/#breadcrumb\",\"itemListElement\":[{\"@type\":\"ListItem\",\"position\":1,\"name\":\"Home\",\"item\":\"https:\/\/www.element29.co.uk\/\"},{\"@type\":\"ListItem\",\"position\":2,\"name\":\"Vaddio\"}]},{\"@type\":\"WebSite\",\"@id\":\"https:\/\/www.element29.co.uk\/#website\",\"url\":\"https:\/\/www.element29.co.uk\/\",\"name\":\"Element 29\",\"description\":\"Bespoke Audio Visual Solutions\",\"publisher\":{\"@id\":\"https:\/\/www.element29.co.uk\/#organization\"},\"potentialAction\":[{\"@type\":\"SearchAction\",\"target\":{\"@type\":\"EntryPoint\",\"urlTemplate\":\"https:\/\/www.element29.co.uk\/?s={search_term_string}\"},\"query-input\":{\"@type\":\"PropertyValueSpecification\",\"valueRequired\":true,\"valueName\":\"search_term_string\"}}],\"inLanguage\":\"fr-FR\"},{\"@type\":\"Organization\",\"@id\":\"https:\/\/www.element29.co.uk\/#organization\",\"name\":\"Element 29\",\"url\":\"https:\/\/www.element29.co.uk\/\",\"logo\":{\"@type\":\"ImageObject\",\"inLanguage\":\"fr-FR\",\"@id\":\"https:\/\/www.element29.co.uk\/#\/schema\/logo\/image\/\",\"url\":\"https:\/\/www.element29.co.uk\/wp-content\/uploads\/2016\/06\/E29_logo_black_588x107.png\",\"contentUrl\":\"https:\/\/www.element29.co.uk\/wp-content\/uploads\/2016\/06\/E29_logo_black_588x107.png\",\"width\":588,\"height\":107,\"caption\":\"Element 29\"},\"image\":{\"@id\":\"https:\/\/www.element29.co.uk\/#\/schema\/logo\/image\/\"},\"sameAs\":[\"https:\/\/x.com\/element29Av\",\"https:\/\/www.instagram.com\/element29av\/\",\"https:\/\/www.linkedin.com\/company\/element-29\/\"]}]}<\/script>\n<!-- \/ Yoast SEO plugin. -->","yoast_head_json":{"title":"Installateurs et fournisseurs de Vaddio \u00e0 Londres - Element 29","description":"Vaddio fabrique des cam\u00e9ras pan-tilt-zoom, des solutions AV et des produits de communication unifi\u00e9e et de collaboration. Nous sommes des installateurs Vaddio \u00e0 Londres.","robots":{"index":"index","follow":"follow","max-snippet":"max-snippet:-1","max-image-preview":"max-image-preview:large","max-video-preview":"max-video-preview:-1"},"canonical":"https:\/\/www.element29.co.uk\/fr\/vaddio\/","og_locale":"fr_FR","og_type":"article","og_title":"Vaddio Installers and Suppliers London - Element 29","og_description":"Vaddio manufactures pan\u2013tilt\u2013zoom cameras, AV solutions and unified communications and collaboration products. We are Vaddio installers London.","og_url":"https:\/\/www.element29.co.uk\/fr\/vaddio\/","og_site_name":"Element 29","article_modified_time":"2020-11-26T14:36:29+00:00","og_image":[{"url":"https:\/\/www.element29.co.uk\/wp-content\/uploads\/2020\/11\/vaddio-2-650x406.jpg","type":"","width":"","height":""}],"twitter_card":"summary_large_image","twitter_site":"@element29Av","twitter_misc":{"Dur\u00e9e de lecture estim\u00e9e":"13 minutes"},"schema":{"@context":"https:\/\/schema.org","@graph":[{"@type":"WebPage","@id":"https:\/\/www.element29.co.uk\/vaddio\/","url":"https:\/\/www.element29.co.uk\/vaddio\/","name":"Installateurs et fournisseurs de Vaddio \u00e0 Londres - Element 29","isPartOf":{"@id":"https:\/\/www.element29.co.uk\/#website"},"primaryImageOfPage":{"@id":"https:\/\/www.element29.co.uk\/vaddio\/#primaryimage"},"image":{"@id":"https:\/\/www.element29.co.uk\/vaddio\/#primaryimage"},"thumbnailUrl":"https:\/\/www.element29.co.uk\/wp-content\/uploads\/2020\/11\/vaddio-2-650x406.jpg","datePublished":"2020-05-12T10:53:47+00:00","dateModified":"2020-11-26T14:36:29+00:00","description":"Vaddio fabrique des cam\u00e9ras pan-tilt-zoom, des solutions AV et des produits de communication unifi\u00e9e et de collaboration. Nous sommes des installateurs Vaddio \u00e0 Londres.","breadcrumb":{"@id":"https:\/\/www.element29.co.uk\/vaddio\/#breadcrumb"},"inLanguage":"fr-FR","potentialAction":[{"@type":"ReadAction","target":["https:\/\/www.element29.co.uk\/vaddio\/"]}]},{"@type":"ImageObject","inLanguage":"fr-FR","@id":"https:\/\/www.element29.co.uk\/vaddio\/#primaryimage","url":"https:\/\/www.element29.co.uk\/wp-content\/uploads\/2020\/11\/vaddio-2-650x406.jpg","contentUrl":"https:\/\/www.element29.co.uk\/wp-content\/uploads\/2020\/11\/vaddio-2-650x406.jpg"},{"@type":"BreadcrumbList","@id":"https:\/\/www.element29.co.uk\/vaddio\/#breadcrumb","itemListElement":[{"@type":"ListItem","position":1,"name":"Home","item":"https:\/\/www.element29.co.uk\/"},{"@type":"ListItem","position":2,"name":"Vaddio"}]},{"@type":"WebSite","@id":"https:\/\/www.element29.co.uk\/#website","url":"https:\/\/www.element29.co.uk\/","name":"\u00c9l\u00e9ment 29","description":"Solutions audiovisuelles sur mesure","publisher":{"@id":"https:\/\/www.element29.co.uk\/#organization"},"potentialAction":[{"@type":"SearchAction","target":{"@type":"EntryPoint","urlTemplate":"https:\/\/www.element29.co.uk\/?s={search_term_string}"},"query-input":{"@type":"PropertyValueSpecification","valueRequired":true,"valueName":"search_term_string"}}],"inLanguage":"fr-FR"},{"@type":"Organization","@id":"https:\/\/www.element29.co.uk\/#organization","name":"\u00c9l\u00e9ment 29","url":"https:\/\/www.element29.co.uk\/","logo":{"@type":"ImageObject","inLanguage":"fr-FR","@id":"https:\/\/www.element29.co.uk\/#\/schema\/logo\/image\/","url":"https:\/\/www.element29.co.uk\/wp-content\/uploads\/2016\/06\/E29_logo_black_588x107.png","contentUrl":"https:\/\/www.element29.co.uk\/wp-content\/uploads\/2016\/06\/E29_logo_black_588x107.png","width":588,"height":107,"caption":"Element 29"},"image":{"@id":"https:\/\/www.element29.co.uk\/#\/schema\/logo\/image\/"},"sameAs":["https:\/\/x.com\/element29Av","https:\/\/www.instagram.com\/element29av\/","https:\/\/www.linkedin.com\/company\/element-29\/"]}]}},"_links":{"self":[{"href":"https:\/\/www.element29.co.uk\/fr\/wp-json\/wp\/v2\/pages\/54669","targetHints":{"allow":["GET"]}}],"collection":[{"href":"https:\/\/www.element29.co.uk\/fr\/wp-json\/wp\/v2\/pages"}],"about":[{"href":"https:\/\/www.element29.co.uk\/fr\/wp-json\/wp\/v2\/types\/page"}],"author":[{"embeddable":true,"href":"https:\/\/www.element29.co.uk\/fr\/wp-json\/wp\/v2\/users\/1"}],"replies":[{"embeddable":true,"href":"https:\/\/www.element29.co.uk\/fr\/wp-json\/wp\/v2\/comments?post=54669"}],"version-history":[{"count":8,"href":"https:\/\/www.element29.co.uk\/fr\/wp-json\/wp\/v2\/pages\/54669\/revisions"}],"predecessor-version":[{"id":54790,"href":"https:\/\/www.element29.co.uk\/fr\/wp-json\/wp\/v2\/pages\/54669\/revisions\/54790"}],"wp:attachment":[{"href":"https:\/\/www.element29.co.uk\/fr\/wp-json\/wp\/v2\/media?parent=54669"}],"curies":[{"name":"wp","href":"https:\/\/api.w.org\/{rel}","templated":true}]}}