{"id":3185,"date":"2016-06-16T12:02:21","date_gmt":"2016-06-16T11:02:21","guid":{"rendered":"https:\/\/www.element29.co.uk\/?page_id=3185"},"modified":"2025-12-18T15:55:14","modified_gmt":"2025-12-18T15:55:14","slug":"savant","status":"publish","type":"page","link":"https:\/\/www.element29.co.uk\/fr\/savant\/","title":{"rendered":"Fournisseur et installateur Savant"},"content":{"rendered":"<div  class=\"tatsu-hxjm2wq3gk8w1e1q tatsu-section  tatsu-bg-overlay   tatsu-clearfix\" data-title=\"\"  data-headerscheme=\"background--dark\"><div class='tatsu-section-pad clearfix' data-padding='{\"d\":\"90px 0% 90px 0%\"}' data-padding-top='90px'><div class=\"tatsu-row-wrap  tatsu-wrap tatsu-row-has-one-half tatsu-row-has-two-cols tatsu-medium-gutter tatsu-reg-cols  tatsu-clearfix tatsu-hxjm2wq3ia143wl8\" ><div  class=\"tatsu-row\" ><div  class=\"tatsu-column  tatsu-bg-overlay tatsu-one-half tatsu-column-image-none tatsu-column-effect-none  tatsu-hxjm2wq3jyf2ce6n\"  data-parallax-speed=\"0\" style=\"\"><div class=\"tatsu-column-inner\" ><div class=\"tatsu-column-pad-wrap\"><div class=\"tatsu-column-pad\" ><div  class=\"tatsu-module tatsu-text-block-wrap tatsu-hxjm2wq3lh3aiqjp\"><div class=\"tatsu-text-inner tatsu-align-center tatsu-animate clearfix\" data-animation=\"fadeIn\"  ><style>.tatsu-hxjm2wq3lh3aiqjp.tatsu-text-block-wrap .tatsu-text-inner{text-align: left;}<\/style>\n<h1>Fournisseur et installateur Savant<\/h1>\n<p>Les syst\u00e8mes d'automatisation de Savant vous permettent de contr\u00f4ler votre environnement via votre t\u00e9l\u00e9phone, votre tablette, Savant ou une t\u00e9l\u00e9commande \u00e0 \u00e9cran tactile. Savant vous permet de r\u00e9gler les lampes n'importe o\u00f9 dans la maison, de diffuser des listes de lecture musicales et, avec la t\u00e9l\u00e9commande Savant, vous pouvez facilement passer de la musique \u00e0 Apple TV, Sky et plus encore depuis le confort de votre si\u00e8ge pr\u00e9f\u00e9r\u00e9.<\/p>\n<p>Savant Pro vous permet de contr\u00f4ler votre \u00e9clairage, votre climatisation, vos divertissements et votre s\u00e9curit\u00e9 \u00e0 partir d'une seule application intuitive.<\/p>\n<p>Nous comprenons l'importance de pouvoir contr\u00f4ler votre technologie facilement et efficacement. La combinaison de Savant et de notre capacit\u00e9 \u00e0 l'impl\u00e9menter avec succ\u00e8s en fait une solution de choix dans de nombreux cas.<\/p>\n<\/div><\/div><\/div><\/div><div class = \"tatsu-column-bg-image-wrap\"><div class = \"tatsu-column-bg-image\" ><\/div><\/div><div class=\"tatsu-overlay tatsu-column-overlay tatsu-animate-none\" ><\/div><\/div><style>.tatsu-row > .tatsu-hxjm2wq3jyf2ce6n.tatsu-column{width: 50%;}.tatsu-hxjm2wq3jyf2ce6n.tatsu-column > .tatsu-column-inner > .tatsu-column-overlay{mix-blend-mode: normal;}.tatsu-hxjm2wq3jyf2ce6n > .tatsu-column-inner > .tatsu-top-divider{z-index: 9999;}.tatsu-hxjm2wq3jyf2ce6n > .tatsu-column-inner > .tatsu-bottom-divider{z-index: 9999;}.tatsu-hxjm2wq3jyf2ce6n > .tatsu-column-inner > .tatsu-left-divider{z-index: 9999;}.tatsu-hxjm2wq3jyf2ce6n > .tatsu-column-inner > .tatsu-right-divider{z-index: 9999;}@media only screen and (max-width: 767px) {.tatsu-row > .tatsu-hxjm2wq3jyf2ce6n.tatsu-column{width: 100%;}}<\/style><\/div><div  class=\"tatsu-column  tatsu-bg-overlay tatsu-one-half tatsu-column-image-none tatsu-column-effect-none  tatsu-hxjm2wq3nv3bw2qn\"  data-parallax-speed=\"0\" style=\"\"><div class=\"tatsu-column-inner\" ><div class=\"tatsu-column-pad-wrap\"><div class=\"tatsu-column-pad\" ><div  class=\"tatsu-module tatsu-text-block-wrap tatsu-hxjm2wq3pyej8zam\"><div class=\"tatsu-text-inner tatsu-align-center tatsu-animate clearfix\" data-animation=\"fadeIn\"  ><style>.tatsu-hxjm2wq3pyej8zam.tatsu-text-block-wrap .tatsu-text-inner{width: 550%;text-align: left;}<\/style>\n<p><img loading=\"lazy\" decoding=\"async\" class=\"alignnone size-portfolio wp-image-61005\" src=\"https:\/\/www.element29.co.uk\/wp-content\/uploads\/2025\/01\/Savant-controller-650x406.jpg\" alt=\"Contr\u00f4leur Savant\" width=\"650\" height=\"406\" \/><\/p>\n<\/div><\/div><\/div><\/div><div class = \"tatsu-column-bg-image-wrap\"><div class = \"tatsu-column-bg-image\" ><\/div><\/div><div class=\"tatsu-overlay tatsu-column-overlay tatsu-animate-none\" ><\/div><\/div><style>.tatsu-row > .tatsu-hxjm2wq3nv3bw2qn.tatsu-column{width: 50%;}.tatsu-hxjm2wq3nv3bw2qn.tatsu-column > .tatsu-column-inner > .tatsu-column-overlay{mix-blend-mode: normal;}.tatsu-hxjm2wq3nv3bw2qn > .tatsu-column-inner > .tatsu-top-divider{z-index: 9999;}.tatsu-hxjm2wq3nv3bw2qn > .tatsu-column-inner > .tatsu-bottom-divider{z-index: 9999;}.tatsu-hxjm2wq3nv3bw2qn > .tatsu-column-inner > .tatsu-left-divider{z-index: 9999;}.tatsu-hxjm2wq3nv3bw2qn > .tatsu-column-inner > .tatsu-right-divider{z-index: 9999;}@media only screen and (max-width: 767px) {.tatsu-row > .tatsu-hxjm2wq3nv3bw2qn.tatsu-column{width: 100%;}}<\/style><\/div><\/div><\/div><\/div><div class=\"tatsu-section-background-wrap\"><div class = \"tatsu-section-background\" ><\/div><\/div><div class=\"tatsu-overlay tatsu-section-overlay\"><\/div><style>.tatsu-hxjm2wq3gk8w1e1q .tatsu-section-pad{padding: 90px 0% 90px 0%;}.tatsu-hxjm2wq3gk8w1e1q > .tatsu-bottom-divider{z-index: 9999;}.tatsu-hxjm2wq3gk8w1e1q > .tatsu-top-divider{z-index: 9999;}.tatsu-hxjm2wq3gk8w1e1q .tatsu-section-overlay{mix-blend-mode: normal;}<\/style><\/div><div  class=\"tatsu-hxjm2wq3r2gb76ll tatsu-section  tatsu-parallax tatsu-bg-overlay   tatsu-clearfix\" data-title=\"\"  data-headerscheme=\"background--dark\"><div class='tatsu-section-pad clearfix' data-padding='{\"d\":\"120px 0% 120px 0%\"}' data-padding-top='120px'><div class=\"tatsu-row-wrap  tatsu-wrap tatsu-row-one-col tatsu-row-has-one-cols tatsu-medium-gutter tatsu-reg-cols  tatsu-clearfix tatsu-hxjm2wq3sm2en95j\" ><div  class=\"tatsu-row\" ><div  class=\"tatsu-column  tatsu-bg-overlay tatsu-one-col tatsu-column-image-none tatsu-column-effect-none  tatsu-hxjm2wq3tx36zwjf\"  data-parallax-speed=\"0\" style=\"\"><div class=\"tatsu-column-inner\" ><div class=\"tatsu-column-pad-wrap\"><div class=\"tatsu-column-pad\" ><div  class=\"tatsu-module tatsu-text-block-wrap tatsu-hxjm2wq3vcbpn6z2\"><div class=\"tatsu-text-inner  tatsu-animate clearfix\" data-animation=\"fadeIn\"  ><style>.tatsu-hxjm2wq3vcbpn6z2.tatsu-text-block-wrap .tatsu-text-inner{text-align: left;}<\/style>\n<h4 style=\"text-align: center;\"><span style=\"color: #ffffff;\">Envoyer un message<\/span><\/h4>\n<\/div><\/div><\/div><\/div><div class = \"tatsu-column-bg-image-wrap\"><div class = \"tatsu-column-bg-image\" ><\/div><\/div><div class=\"tatsu-overlay tatsu-column-overlay tatsu-animate-none\" ><\/div><\/div><style>.tatsu-row > .tatsu-hxjm2wq3tx36zwjf.tatsu-column{width: 100%;}.tatsu-hxjm2wq3tx36zwjf.tatsu-column > .tatsu-column-inner > .tatsu-column-overlay{mix-blend-mode: normal;}.tatsu-hxjm2wq3tx36zwjf > .tatsu-column-inner > .tatsu-top-divider{z-index: 9999;}.tatsu-hxjm2wq3tx36zwjf > .tatsu-column-inner > .tatsu-bottom-divider{z-index: 9999;}.tatsu-hxjm2wq3tx36zwjf > .tatsu-column-inner > .tatsu-left-divider{z-index: 9999;}.tatsu-hxjm2wq3tx36zwjf > .tatsu-column-inner > .tatsu-right-divider{z-index: 9999;}<\/style><\/div><\/div><\/div><div class=\"tatsu-row-wrap  tatsu-wrap tatsu-row-has-one-half tatsu-row-has-three-cols tatsu-medium-gutter tatsu-reg-cols  tatsu-clearfix tatsu-hxjm2wq3w95jvxej\" ><div  class=\"tatsu-row\" ><div  class=\"tatsu-column  tatsu-bg-overlay tatsu-one-fourth tatsu-column-image-none tatsu-column-effect-none  tatsu-hxjm2wq3xr3s8jl7\"  data-parallax-speed=\"0\" style=\"\"><div class=\"tatsu-column-inner\" ><div class=\"tatsu-column-pad-wrap\"><div class=\"tatsu-column-pad\" ><div  class=\"tatsu-empty-space  tatsu-hxjm2wq3z11nv0wi\" ><style>.tatsu-hxjm2wq3z11nv0wi.tatsu-empty-space{height: 10px;}<\/style><\/div><\/div><\/div><div class = \"tatsu-column-bg-image-wrap\"><div class = \"tatsu-column-bg-image\" ><\/div><\/div><div class=\"tatsu-overlay tatsu-column-overlay tatsu-animate-none\" ><\/div><\/div><style>.tatsu-row > .tatsu-hxjm2wq3xr3s8jl7.tatsu-column{width: 25%;}.tatsu-hxjm2wq3xr3s8jl7.tatsu-column > .tatsu-column-inner > .tatsu-column-overlay{mix-blend-mode: normal;}.tatsu-hxjm2wq3xr3s8jl7 > .tatsu-column-inner > .tatsu-top-divider{z-index: 9999;}.tatsu-hxjm2wq3xr3s8jl7 > .tatsu-column-inner > .tatsu-bottom-divider{z-index: 9999;}.tatsu-hxjm2wq3xr3s8jl7 > .tatsu-column-inner > .tatsu-left-divider{z-index: 9999;}.tatsu-hxjm2wq3xr3s8jl7 > .tatsu-column-inner > .tatsu-right-divider{z-index: 9999;}@media only screen and (max-width: 767px) {.tatsu-row > .tatsu-hxjm2wq3xr3s8jl7.tatsu-column{width: 100%;}}<\/style><\/div><div  class=\"tatsu-column  tatsu-bg-overlay tatsu-one-half tatsu-column-image-none tatsu-column-effect-none  tatsu-hxjm2wq3z8dtrjvl\"  data-parallax-speed=\"0\" style=\"\"><div class=\"tatsu-column-inner\" ><div class=\"tatsu-column-pad-wrap\"><div class=\"tatsu-column-pad\" ><div  class=\"tatsu-module tatsu-text-block-wrap tatsu-hxjm2wq40j2dc7yj\"><div class=\"tatsu-text-inner tatsu-align-center tatsu-animate clearfix\" data-animation=\"fadeIn\"  ><style>.tatsu-hxjm2wq40j2dc7yj.tatsu-text-block-wrap .tatsu-text-inner{text-align: left;}<\/style>\n<div class=\"wpcf7 no-js\" id=\"wpcf7-f5-o1\" lang=\"en-GB\" dir=\"ltr\" data-wpcf7-id=\"5\">\n<div class=\"screen-reader-response\"><p role=\"status\" aria-live=\"polite\" aria-atomic=\"true\"><\/p> <ul><\/ul><\/div>\n<form action=\"\/fr\/wp-json\/wp\/v2\/pages\/3185#wpcf7-f5-o1\" method=\"post\" class=\"wpcf7-form init\" aria-label=\"Formulaire de contact\" novalidate=\"novalidate\" data-status=\"init\" data-trp-original-action=\"\/fr\/wp-json\/wp\/v2\/pages\/3185#wpcf7-f5-o1\">\n<fieldset class=\"hidden-fields-container\"><input type=\"hidden\" name=\"_wpcf7\" value=\"5\" \/><input type=\"hidden\" name=\"_wpcf7_version\" value=\"6.1.3\" \/><input type=\"hidden\" name=\"_wpcf7_locale\" value=\"en_GB\" \/><input type=\"hidden\" name=\"_wpcf7_unit_tag\" value=\"wpcf7-f5-o1\" \/><input type=\"hidden\" name=\"_wpcf7_container_post\" value=\"0\" \/><input type=\"hidden\" name=\"_wpcf7_posted_data_hash\" value=\"\" \/><input type=\"hidden\" name=\"_wpcf7_recaptcha_response\" value=\"\" \/>\n<\/fieldset>\n<p><span class=\"wpcf7-form-control-wrap\" data-name=\"your-name\"><input size=\"40\" maxlength=\"400\" class=\"wpcf7-form-control wpcf7-text wpcf7-validates-as-required\" aria-required=\"true\" aria-invalid=\"false\" placeholder=\"Nom (obligatoire)\" value=\"\" type=\"text\" name=\"your-name\" \/><\/span><br \/>\n<span class=\"wpcf7-form-control-wrap\" data-name=\"your-number\"><input size=\"40\" maxlength=\"400\" class=\"wpcf7-form-control wpcf7-text wpcf7-validates-as-required\" aria-required=\"true\" aria-invalid=\"false\" placeholder=\"Num\u00e9ro de t\u00e9l\u00e9phone (obligatoire)\" value=\"\" type=\"text\" name=\"your-number\" \/><\/span><br \/>\n<span class=\"wpcf7-form-control-wrap\" data-name=\"your-email\"><input size=\"40\" maxlength=\"400\" class=\"wpcf7-form-control wpcf7-email wpcf7-validates-as-required wpcf7-text wpcf7-validates-as-email\" aria-required=\"true\" aria-invalid=\"false\" placeholder=\"Courriel (obligatoire)\" value=\"\" type=\"email\" name=\"your-email\" \/><\/span><br \/>\n<span class=\"wpcf7-form-control-wrap\" data-name=\"hear-about\"><input size=\"40\" maxlength=\"400\" class=\"wpcf7-form-control wpcf7-text\" aria-invalid=\"false\" placeholder=\"O\u00f9 avez-vous entendu parler de nous ?\" value=\"\" type=\"text\" name=\"hear-about\" \/><\/span><br \/>\n<span class=\"wpcf7-form-control-wrap\" data-name=\"your-subject\"><input size=\"40\" maxlength=\"400\" class=\"wpcf7-form-control wpcf7-text\" aria-invalid=\"false\" placeholder=\"Sujet\" value=\"\" type=\"text\" name=\"your-subject\" \/><\/span><br \/>\n<span class=\"wpcf7-form-control-wrap\" data-name=\"your-message\"><textarea cols=\"40\" rows=\"10\" maxlength=\"2000\" class=\"wpcf7-form-control wpcf7-textarea wpcf7-validates-as-required\" aria-required=\"true\" aria-invalid=\"false\" placeholder=\"Message (obligatoire)\" name=\"your-message\"><\/textarea><\/span><input class=\"wpcf7-form-control wpcf7-submit has-spinner mediumbtn\" type=\"submit\" value=\"Soumettre\" \/>\n<\/p><input type='hidden' class='wpcf7-pum' value='{\"closepopup\":false,\"closedelay\":0,\"openpopup\":false,\"openpopup_id\":0}' \/><div class=\"wpcf7-response-output\" aria-hidden=\"true\"><\/div>\n<input type=\"hidden\" name=\"trp-form-language\" value=\"fr\"\/><\/form>\n<\/div>\n<br \/>\n<\/div><\/div><\/div><\/div><div class = \"tatsu-column-bg-image-wrap\"><div class = \"tatsu-column-bg-image\" ><\/div><\/div><div class=\"tatsu-overlay tatsu-column-overlay tatsu-animate-none\" ><\/div><\/div><style>.tatsu-row > .tatsu-hxjm2wq3z8dtrjvl.tatsu-column{width: 50%;}.tatsu-hxjm2wq3z8dtrjvl.tatsu-column > .tatsu-column-inner > .tatsu-column-overlay{mix-blend-mode: normal;}.tatsu-hxjm2wq3z8dtrjvl > .tatsu-column-inner > .tatsu-top-divider{z-index: 9999;}.tatsu-hxjm2wq3z8dtrjvl > .tatsu-column-inner > .tatsu-bottom-divider{z-index: 9999;}.tatsu-hxjm2wq3z8dtrjvl > .tatsu-column-inner > .tatsu-left-divider{z-index: 9999;}.tatsu-hxjm2wq3z8dtrjvl > .tatsu-column-inner > .tatsu-right-divider{z-index: 9999;}@media only screen and (max-width: 767px) {.tatsu-row > .tatsu-hxjm2wq3z8dtrjvl.tatsu-column{width: 100%;}}<\/style><\/div><div  class=\"tatsu-column  tatsu-bg-overlay tatsu-column-empty tatsu-one-fourth tatsu-column-image-none tatsu-column-effect-none  tatsu-hxjm2wq40zc4r2z2\"  data-parallax-speed=\"0\" style=\"\"><div class=\"tatsu-column-inner\" ><div class=\"tatsu-column-pad-wrap\"><div class=\"tatsu-column-pad\" ><\/div><\/div><div class = \"tatsu-column-bg-image-wrap\"><div class = \"tatsu-column-bg-image\" ><\/div><\/div><div class=\"tatsu-overlay tatsu-column-overlay tatsu-animate-none\" ><\/div><\/div><style>.tatsu-row > .tatsu-hxjm2wq40zc4r2z2.tatsu-column{width: 25%;}.tatsu-hxjm2wq40zc4r2z2.tatsu-column > .tatsu-column-inner > .tatsu-column-overlay{mix-blend-mode: normal;}.tatsu-hxjm2wq40zc4r2z2 > .tatsu-column-inner > .tatsu-top-divider{z-index: 9999;}.tatsu-hxjm2wq40zc4r2z2 > .tatsu-column-inner > .tatsu-bottom-divider{z-index: 9999;}.tatsu-hxjm2wq40zc4r2z2 > .tatsu-column-inner > .tatsu-left-divider{z-index: 9999;}.tatsu-hxjm2wq40zc4r2z2 > .tatsu-column-inner > .tatsu-right-divider{z-index: 9999;}@media only screen and (max-width: 767px) {.tatsu-row > .tatsu-hxjm2wq40zc4r2z2.tatsu-column{width: 100%;}}<\/style><\/div><\/div><\/div><\/div><div class=\"tatsu-section-background-wrap tatsu-parallax-element-wrap\"><div class = \"tatsu-section-background tatsu-parallax-element\" ><\/div><\/div><div class=\"tatsu-overlay tatsu-section-overlay\"><\/div><style>.tatsu-hxjm2wq3r2gb76ll .tatsu-section-background{background-image: url(https:\/\/www.element29.co.uk\/wp-content\/uploads\/2014\/10\/export_images-0004-comp.jpg);background-repeat: no-repeat;background-attachment: fixed;background-position: center left;background-size: cover;}.tatsu-hxjm2wq3r2gb76ll .tatsu-bg-blur{background-repeat: no-repeat;background-attachment: fixed;background-position: center left;background-size: cover;}.tatsu-hxjm2wq3r2gb76ll{border-width: 0px 0px px 0px;border-style: solid;}.tatsu-hxjm2wq3r2gb76ll .tatsu-section-pad{padding: 120px 0% 120px 0%;}.tatsu-hxjm2wq3r2gb76ll > .tatsu-bottom-divider{z-index: 9999;}.tatsu-hxjm2wq3r2gb76ll > .tatsu-top-divider{z-index: 9999;}.tatsu-hxjm2wq3r2gb76ll .tatsu-section-overlay{background: rgba(0,0,0,0.7);mix-blend-mode: normal;}<\/style><\/div>","protected":false},"excerpt":{"rendered":"<p><a href=\"https:\/\/www.element29.co.uk\/fr\/savant\/\" class=\"more-link style2-button\">Lire la suite<\/a><\/p>","protected":false},"author":2,"featured_media":0,"parent":0,"menu_order":160,"comment_status":"closed","ping_status":"closed","template":"","meta":{"footnotes":""},"class_list":["post-3185","page","type-page","status-publish","hentry"],"yoast_head":"<!-- This site is optimized with the Yoast SEO plugin v26.4 - https:\/\/yoast.com\/wordpress\/plugins\/seo\/ -->\n<title>Savant Supplier and Installer - Element 29<\/title>\n<meta name=\"description\" content=\"We supply and install Savant&#039;s automation systems. Savant enables you to control your environment via your mobile phone.\" \/>\n<meta name=\"robots\" content=\"index, follow, max-snippet:-1, max-image-preview:large, max-video-preview:-1\" \/>\n<link rel=\"canonical\" href=\"https:\/\/www.element29.co.uk\/fr\/savant\/\" \/>\n<meta property=\"og:locale\" content=\"fr_FR\" \/>\n<meta property=\"og:type\" content=\"article\" \/>\n<meta property=\"og:title\" content=\"Savant Supplier and Installer - Element 29\" \/>\n<meta property=\"og:description\" content=\"We supply and install Savant&#039;s automation systems. Savant enables you to control your environment via your mobile phone.\" \/>\n<meta property=\"og:url\" content=\"https:\/\/www.element29.co.uk\/fr\/savant\/\" \/>\n<meta property=\"og:site_name\" content=\"Element 29\" \/>\n<meta property=\"article:modified_time\" content=\"2025-12-18T15:55:14+00:00\" \/>\n<meta property=\"og:image\" content=\"https:\/\/www.element29.co.uk\/wp-content\/uploads\/2025\/01\/Savant-controller.jpg\" \/>\n\t<meta property=\"og:image:width\" content=\"1000\" \/>\n\t<meta property=\"og:image:height\" content=\"529\" \/>\n\t<meta property=\"og:image:type\" content=\"image\/jpeg\" \/>\n<meta name=\"twitter:card\" content=\"summary_large_image\" \/>\n<meta name=\"twitter:site\" content=\"@element29Av\" \/>\n<meta name=\"twitter:label1\" content=\"Dur\u00e9e de lecture estim\u00e9e\" \/>\n\t<meta name=\"twitter:data1\" content=\"13 minutes\" \/>\n<script type=\"application\/ld+json\" class=\"yoast-schema-graph\">{\"@context\":\"https:\/\/schema.org\",\"@graph\":[{\"@type\":\"WebPage\",\"@id\":\"https:\/\/www.element29.co.uk\/savant\/\",\"url\":\"https:\/\/www.element29.co.uk\/savant\/\",\"name\":\"Savant Supplier and Installer - Element 29\",\"isPartOf\":{\"@id\":\"https:\/\/www.element29.co.uk\/#website\"},\"primaryImageOfPage\":{\"@id\":\"https:\/\/www.element29.co.uk\/savant\/#primaryimage\"},\"image\":{\"@id\":\"https:\/\/www.element29.co.uk\/savant\/#primaryimage\"},\"thumbnailUrl\":\"https:\/\/www.element29.co.uk\/wp-content\/uploads\/2025\/01\/Savant-controller-650x406.jpg\",\"datePublished\":\"2016-06-16T11:02:21+00:00\",\"dateModified\":\"2025-12-18T15:55:14+00:00\",\"description\":\"We supply and install Savant's automation systems. Savant enables you to control your environment via your mobile phone.\",\"breadcrumb\":{\"@id\":\"https:\/\/www.element29.co.uk\/savant\/#breadcrumb\"},\"inLanguage\":\"fr-FR\",\"potentialAction\":[{\"@type\":\"ReadAction\",\"target\":[\"https:\/\/www.element29.co.uk\/savant\/\"]}]},{\"@type\":\"ImageObject\",\"inLanguage\":\"fr-FR\",\"@id\":\"https:\/\/www.element29.co.uk\/savant\/#primaryimage\",\"url\":\"https:\/\/www.element29.co.uk\/wp-content\/uploads\/2025\/01\/Savant-controller-650x406.jpg\",\"contentUrl\":\"https:\/\/www.element29.co.uk\/wp-content\/uploads\/2025\/01\/Savant-controller-650x406.jpg\"},{\"@type\":\"BreadcrumbList\",\"@id\":\"https:\/\/www.element29.co.uk\/savant\/#breadcrumb\",\"itemListElement\":[{\"@type\":\"ListItem\",\"position\":1,\"name\":\"Home\",\"item\":\"https:\/\/www.element29.co.uk\/\"},{\"@type\":\"ListItem\",\"position\":2,\"name\":\"Savant Supplier and Installer\"}]},{\"@type\":\"WebSite\",\"@id\":\"https:\/\/www.element29.co.uk\/#website\",\"url\":\"https:\/\/www.element29.co.uk\/\",\"name\":\"Element 29\",\"description\":\"Bespoke Audio Visual Solutions\",\"publisher\":{\"@id\":\"https:\/\/www.element29.co.uk\/#organization\"},\"potentialAction\":[{\"@type\":\"SearchAction\",\"target\":{\"@type\":\"EntryPoint\",\"urlTemplate\":\"https:\/\/www.element29.co.uk\/?s={search_term_string}\"},\"query-input\":{\"@type\":\"PropertyValueSpecification\",\"valueRequired\":true,\"valueName\":\"search_term_string\"}}],\"inLanguage\":\"fr-FR\"},{\"@type\":\"Organization\",\"@id\":\"https:\/\/www.element29.co.uk\/#organization\",\"name\":\"Element 29\",\"url\":\"https:\/\/www.element29.co.uk\/\",\"logo\":{\"@type\":\"ImageObject\",\"inLanguage\":\"fr-FR\",\"@id\":\"https:\/\/www.element29.co.uk\/#\/schema\/logo\/image\/\",\"url\":\"https:\/\/www.element29.co.uk\/wp-content\/uploads\/2016\/06\/E29_logo_black_588x107.png\",\"contentUrl\":\"https:\/\/www.element29.co.uk\/wp-content\/uploads\/2016\/06\/E29_logo_black_588x107.png\",\"width\":588,\"height\":107,\"caption\":\"Element 29\"},\"image\":{\"@id\":\"https:\/\/www.element29.co.uk\/#\/schema\/logo\/image\/\"},\"sameAs\":[\"https:\/\/x.com\/element29Av\",\"https:\/\/www.instagram.com\/element29av\/\",\"https:\/\/www.linkedin.com\/company\/element-29\/\"]}]}<\/script>\n<!-- \/ Yoast SEO plugin. -->","yoast_head_json":{"title":"Fournisseur et installateur de Savant - Element 29","description":"Nous fournissons et installons les syst\u00e8mes d'automatisation de Savant. Savant vous permet de contr\u00f4ler votre environnement via votre t\u00e9l\u00e9phone portable.","robots":{"index":"index","follow":"follow","max-snippet":"max-snippet:-1","max-image-preview":"max-image-preview:large","max-video-preview":"max-video-preview:-1"},"canonical":"https:\/\/www.element29.co.uk\/fr\/savant\/","og_locale":"fr_FR","og_type":"article","og_title":"Savant Supplier and Installer - Element 29","og_description":"We supply and install Savant's automation systems. Savant enables you to control your environment via your mobile phone.","og_url":"https:\/\/www.element29.co.uk\/fr\/savant\/","og_site_name":"Element 29","article_modified_time":"2025-12-18T15:55:14+00:00","og_image":[{"width":1000,"height":529,"url":"https:\/\/www.element29.co.uk\/wp-content\/uploads\/2025\/01\/Savant-controller.jpg","type":"image\/jpeg"}],"twitter_card":"summary_large_image","twitter_site":"@element29Av","twitter_misc":{"Dur\u00e9e de lecture estim\u00e9e":"13 minutes"},"schema":{"@context":"https:\/\/schema.org","@graph":[{"@type":"WebPage","@id":"https:\/\/www.element29.co.uk\/savant\/","url":"https:\/\/www.element29.co.uk\/savant\/","name":"Fournisseur et installateur de Savant - Element 29","isPartOf":{"@id":"https:\/\/www.element29.co.uk\/#website"},"primaryImageOfPage":{"@id":"https:\/\/www.element29.co.uk\/savant\/#primaryimage"},"image":{"@id":"https:\/\/www.element29.co.uk\/savant\/#primaryimage"},"thumbnailUrl":"https:\/\/www.element29.co.uk\/wp-content\/uploads\/2025\/01\/Savant-controller-650x406.jpg","datePublished":"2016-06-16T11:02:21+00:00","dateModified":"2025-12-18T15:55:14+00:00","description":"Nous fournissons et installons les syst\u00e8mes d'automatisation de Savant. Savant vous permet de contr\u00f4ler votre environnement via votre t\u00e9l\u00e9phone portable.","breadcrumb":{"@id":"https:\/\/www.element29.co.uk\/savant\/#breadcrumb"},"inLanguage":"fr-FR","potentialAction":[{"@type":"ReadAction","target":["https:\/\/www.element29.co.uk\/savant\/"]}]},{"@type":"ImageObject","inLanguage":"fr-FR","@id":"https:\/\/www.element29.co.uk\/savant\/#primaryimage","url":"https:\/\/www.element29.co.uk\/wp-content\/uploads\/2025\/01\/Savant-controller-650x406.jpg","contentUrl":"https:\/\/www.element29.co.uk\/wp-content\/uploads\/2025\/01\/Savant-controller-650x406.jpg"},{"@type":"BreadcrumbList","@id":"https:\/\/www.element29.co.uk\/savant\/#breadcrumb","itemListElement":[{"@type":"ListItem","position":1,"name":"Home","item":"https:\/\/www.element29.co.uk\/"},{"@type":"ListItem","position":2,"name":"Savant Supplier and Installer"}]},{"@type":"WebSite","@id":"https:\/\/www.element29.co.uk\/#website","url":"https:\/\/www.element29.co.uk\/","name":"\u00c9l\u00e9ment 29","description":"Solutions audiovisuelles sur mesure","publisher":{"@id":"https:\/\/www.element29.co.uk\/#organization"},"potentialAction":[{"@type":"SearchAction","target":{"@type":"EntryPoint","urlTemplate":"https:\/\/www.element29.co.uk\/?s={search_term_string}"},"query-input":{"@type":"PropertyValueSpecification","valueRequired":true,"valueName":"search_term_string"}}],"inLanguage":"fr-FR"},{"@type":"Organization","@id":"https:\/\/www.element29.co.uk\/#organization","name":"\u00c9l\u00e9ment 29","url":"https:\/\/www.element29.co.uk\/","logo":{"@type":"ImageObject","inLanguage":"fr-FR","@id":"https:\/\/www.element29.co.uk\/#\/schema\/logo\/image\/","url":"https:\/\/www.element29.co.uk\/wp-content\/uploads\/2016\/06\/E29_logo_black_588x107.png","contentUrl":"https:\/\/www.element29.co.uk\/wp-content\/uploads\/2016\/06\/E29_logo_black_588x107.png","width":588,"height":107,"caption":"Element 29"},"image":{"@id":"https:\/\/www.element29.co.uk\/#\/schema\/logo\/image\/"},"sameAs":["https:\/\/x.com\/element29Av","https:\/\/www.instagram.com\/element29av\/","https:\/\/www.linkedin.com\/company\/element-29\/"]}]}},"_links":{"self":[{"href":"https:\/\/www.element29.co.uk\/fr\/wp-json\/wp\/v2\/pages\/3185","targetHints":{"allow":["GET"]}}],"collection":[{"href":"https:\/\/www.element29.co.uk\/fr\/wp-json\/wp\/v2\/pages"}],"about":[{"href":"https:\/\/www.element29.co.uk\/fr\/wp-json\/wp\/v2\/types\/page"}],"author":[{"embeddable":true,"href":"https:\/\/www.element29.co.uk\/fr\/wp-json\/wp\/v2\/users\/2"}],"replies":[{"embeddable":true,"href":"https:\/\/www.element29.co.uk\/fr\/wp-json\/wp\/v2\/comments?post=3185"}],"version-history":[{"count":6,"href":"https:\/\/www.element29.co.uk\/fr\/wp-json\/wp\/v2\/pages\/3185\/revisions"}],"predecessor-version":[{"id":62011,"href":"https:\/\/www.element29.co.uk\/fr\/wp-json\/wp\/v2\/pages\/3185\/revisions\/62011"}],"wp:attachment":[{"href":"https:\/\/www.element29.co.uk\/fr\/wp-json\/wp\/v2\/media?parent=3185"}],"curies":[{"name":"wp","href":"https:\/\/api.w.org\/{rel}","templated":true}]}}